{"id":23332,"date":"2022-08-22T15:10:58","date_gmt":"2022-08-22T15:10:58","guid":{"rendered":"https:\/\/www.hotelposeidon.it\/kde-se-nachazime\/"},"modified":"2024-04-05T12:39:10","modified_gmt":"2024-04-05T12:39:10","slug":"kde-se-nachazime","status":"publish","type":"page","link":"https:\/\/www.hotelposeidon.it\/cs\/kde-se-nachazime\/","title":{"rendered":"Kde se nach\u00e1z\u00edme"},"content":{"rendered":"<section data-vc-full-width=\"true\" data-vc-full-width-init=\"false\" data-vc-stretch-content=\"true\" class=\"vc_row wpb_row vc_row-fluid  vc_custom_1507617627495 wow fadeIn pofo-stretch-content vc_row-o-equal-height vc_row-o-content-middle vc_row-flex\"><div class=\"wpb_column vc_column_container vc_col-sm-12 vc_col-md-6 vc_col-xs-12 wow fadeInLeft pofo-column-responsive-69f5c9a15b0aa\"><div class=\"vc_column-inner cover-background bg-position-center-center vc_custom_1652854182443\"><div class=\"wpb_wrapper\">[vc_gmaps link=&#8220;#E-8_JTNDaWZyYW1lJTIwc3JjJTNEJTIyaHR0cHMlM0ElMkYlMkZ3d3cuZ29vZ2xlLmNvbSUyRm1hcHMlMkZkJTJGZW1iZWQlM0ZtaWQlM0QxUHBrYXBIVmdRaklCUnlmc2hHRTNTWllzWDFsX3dwQXMlMjZhbXAlM0JlaGJjJTNEMkUzMTJGJTIyJTIwd2lkdGglM0QlMjIxMDAlMjUlMjIlMjBoZWlnaHQlM0QlMjI3MDAlMjIlM0UlM0MlMkZpZnJhbWUlM0U=&#8220; css=&#8220;.vc_custom_1652854421203{margin-top: 0px !important;margin-right: 0px !important;margin-bottom: 0px !important;margin-left: 0px !important;padding-top: 0px !important;padding-right: 0px !important;padding-bottom: 0px !important;padding-left: 0px !important;}&#8220;]<\/div><\/div><\/div><div class=\"wpb_column vc_column_container vc_col-sm-12 vc_col-md-6 vc_col-xs-12 wow fadeInRight\"><div class=\"vc_column-inner \"><div class=\"wpb_wrapper\"><div class=\"vc_row wpb_row vc_inner vc_row-fluid   vc_row-o-equal-height vc_row-o-content-middle vc_row-flex\"><div class=\"wpb_column vc_column_container vc_col-has-fill vc_col-sm-6 vc_col-md-6 vc_col-xs-12 wow fadeIn text-center\"><div class=\"vc_column-inner vc_custom_1652852800227\" style=\"min-height: 350px;\"><div class=\"wpb_wrapper\"><div class=\"grigiochiaro featurebox21 pofo-featurebox featurebox21-1\" ><div class=\"display-inline-block margin-25px-bottom sm-margin-15px-bottom xs-margin-10px-bottom\"><i class=\"link-icon display-block icon-map icon-medium\"><\/i><\/div><span class=\"text-extra-dark-gray display-inline-block width-100 text-small font-weight-600 alt-font margin-5px-bottom\" style=\"font-size: 14px; line-height: 24px; color: #ffffff;\" data-fontsize=\"14px\" data-lineheight=\"24px\">ADRESA<\/span><div class=\"xs-margin-10px-bottom center-col last-paragraph-no-margin width-60 md-width-80\"><p class=\"center-col text-medium\">Via San Giacomo, 34\/37,<br \/>\nSan Benedetto del Tronto<br \/>\nProvincie Ascoli Piceno<br \/>\nMarche &#8211; It\u00e1lie<\/p>\n<\/div><\/div><\/div><\/div><\/div><div class=\"wpb_column vc_column_container vc_col-has-fill vc_col-sm-6 vc_col-md-6 vc_col-xs-12 wow fadeIn text-center\"><div class=\"vc_column-inner vc_custom_1652852756466\" style=\"min-height: 350px;\"><div class=\"wpb_wrapper\"><div class=\"grigiochiaro featurebox21 pofo-featurebox featurebox21-2\" ><div class=\"display-inline-block margin-25px-bottom sm-margin-15px-bottom xs-margin-10px-bottom\"><i class=\"link-icon display-block icon-chat icon-medium\"><\/i><\/div><span class=\"text-extra-dark-gray display-inline-block width-100 text-small font-weight-600 alt-font margin-5px-bottom\" style=\"font-size: 14px; line-height: 24px; color: #ffffff;\" data-fontsize=\"14px\" data-lineheight=\"24px\">TELEFON<\/span><div class=\"xs-margin-10px-bottom center-col last-paragraph-no-margin width-60 md-width-80\"><p>+39.0735.751696<br \/>\nFax: +39.0735.753414<br \/>\nrecapito invernale:<br \/>\n+39.0735.655071<\/p>\n<\/div><\/div><\/div><\/div><\/div><div class=\"wpb_column vc_column_container vc_col-has-fill vc_col-sm-6 vc_col-md-6 vc_col-xs-12 wow fadeIn text-center\"><div class=\"vc_column-inner vc_custom_1652852762354\" style=\"min-height: 350px;\"><div class=\"wpb_wrapper\"><div class=\"grigiochiaro featurebox21 pofo-featurebox featurebox21-3\" ><div class=\"display-inline-block margin-25px-bottom sm-margin-15px-bottom xs-margin-10px-bottom\"><i class=\"link-icon display-block icon-envelope icon-medium\"><\/i><\/div><span class=\"text-extra-dark-gray display-inline-block width-100 text-small font-weight-600 alt-font margin-5px-bottom\" style=\"font-size: 14px; line-height: 24px; color: #ffffff;\" data-fontsize=\"14px\" data-lineheight=\"24px\">WRITE<\/span><div class=\"xs-margin-10px-bottom center-col last-paragraph-no-margin width-60 md-width-80\"><p class=\"center-col text-medium no-margin\">Pro informace:<br \/>\n<a href=\"mailto:info@hotelposeidon.it\">info@hotelposeidon.it<\/a><\/p>\n<p>Po\u0161lete \u017eivotopis:<br \/>\n<a href=\"mailto:lavoro@hotelposeidon.it\">lavoro@hotelposeidon.it<\/a><\/p>\n<\/div><\/div><\/div><\/div><\/div><div class=\"wpb_column vc_column_container vc_col-has-fill vc_col-sm-6 vc_col-md-6 vc_col-xs-12 wow fadeIn text-center\"><div class=\"vc_column-inner vc_custom_1652852795042\" style=\"min-height: 350px;\"><div class=\"wpb_wrapper\"><div class=\"grigiochiaro featurebox21 pofo-featurebox featurebox21-4\" ><div class=\"display-inline-block margin-25px-bottom sm-margin-15px-bottom xs-margin-10px-bottom\"><i class=\"link-icon display-block icon-clock icon-medium\"><\/i><\/div><span class=\"text-extra-dark-gray display-inline-block width-100 text-small font-weight-600 alt-font margin-5px-bottom\" style=\"font-size: 14px; line-height: 24px; color: #ffffff;\" data-fontsize=\"14px\" data-lineheight=\"24px\">OTEV\u00cdR\u00c1N\u00cd<\/span><div class=\"xs-margin-10px-bottom center-col last-paragraph-no-margin width-60 md-width-80\"><p>Hotel je otev\u0159en v letn\u00edch m\u011bs\u00edc\u00edch a pro skupiny i v jinou dobu.<br \/>\nPro rezervaci n\u00e1s pros\u00edm kontaktujte denn\u011b od 8:00 do 20:00.<\/p>\n<\/div><\/div><\/div><\/div><\/div><\/div><\/div><\/div><\/div><\/section><div class=\"vc_row-full-width vc_clearfix\"><\/div>\n","protected":false},"excerpt":{"rendered":"[vc_gmaps link=\"#E-8_JTNDaWZyYW1lJTIwc3JjJTNEJTIyaHR0cHMlM0ElMkYlMkZ3d3cuZ29vZ2xlLmNvbSUyRm1hcHMlMkZkJTJGZW1iZWQlM0ZtaWQlM0QxUHBrYXBIVmdRaklCUnlmc2hHRTNTWllzWDFsX3dwQXMlMjZhbXAlM0JlaGJjJTNEMkUzMTJGJTIyJTIwd2lkdGglM0QlMjIxMDAlMjUlMjIlMjBoZWlnaHQlM0QlMjI3MDAlMjIlM0UlM0MlMkZpZnJhbWUlM0U=\" css=\".vc_custom_1652854421203{margin-top: 0px !important;margin-right: 0px !important;margin-bottom: 0px !important;margin-left: 0px !important;padding-top: 0px !important;padding-right: 0px !important;padding-bottom: 0px !important;padding-left: 0px !important;}\"]ADRESAVia San Giacomo, 34\/37, San Benedetto del Tronto Provincie Ascoli Piceno Marche - It\u00e1lie TELEFON+39.0735.751696 Fax: +39.0735.753414 recapito invernale: +39.0735.655071 WRITEPro informace: info@hotelposeidon.it Po\u0161lete \u017eivotopis: lavoro@hotelposeidon.it OTEV\u00cdR\u00c1N\u00cdHotel je otev\u0159en v letn\u00edch m\u011bs\u00edc\u00edch a pro skupiny i v jinou dobu. Pro rezervaci n\u00e1s pros\u00edm kontaktujte denn\u011b od 8:00 do 20:00.","protected":false},"author":1,"featured_media":0,"parent":0,"menu_order":0,"comment_status":"closed","ping_status":"closed","template":"","meta":{"inline_featured_image":false,"footnotes":""},"class_list":["post-23332","page","type-page","status-publish","hentry"],"yoast_head":"<!-- This site is optimized with the Yoast SEO plugin v21.7 - https:\/\/yoast.com\/wordpress\/plugins\/seo\/ -->\n<title>Kde se nach\u00e1z\u00edme - Hotel Poseidon San Benedetto del Tronto<\/title>\n<meta name=\"description\" content=\"M\u016f\u017eete n\u00e1s kontaktovat telefonicky, e-mailem nebo p\u0159es WhatsApp. Pro rezervace, nab\u00eddky a dostupnost pou\u017eijte 3minutov\u00fd online syst\u00e9m.\" \/>\n<meta name=\"robots\" content=\"index, follow, max-snippet:-1, max-image-preview:large, max-video-preview:-1\" \/>\n<link rel=\"canonical\" href=\"https:\/\/www.hotelposeidon.it\/cs\/kde-se-nachazime\/\" \/>\n<meta property=\"og:locale\" content=\"cs_CZ\" \/>\n<meta property=\"og:type\" content=\"article\" \/>\n<meta property=\"og:title\" content=\"Kde se nach\u00e1z\u00edme - Hotel Poseidon San Benedetto del Tronto\" \/>\n<meta property=\"og:description\" content=\"M\u016f\u017eete n\u00e1s kontaktovat telefonicky, e-mailem nebo p\u0159es WhatsApp. Pro rezervace, nab\u00eddky a dostupnost pou\u017eijte 3minutov\u00fd online syst\u00e9m.\" \/>\n<meta property=\"og:url\" content=\"https:\/\/www.hotelposeidon.it\/cs\/kde-se-nachazime\/\" \/>\n<meta property=\"og:site_name\" content=\"Hotel Poseidon San Benedetto del Tronto\" \/>\n<meta property=\"article:modified_time\" content=\"2024-04-05T12:39:10+00:00\" \/>\n<meta name=\"twitter:card\" content=\"summary_large_image\" \/>\n<meta name=\"twitter:label1\" content=\"Odhadovan\u00e1 doba \u010dten\u00ed\" \/>\n\t<meta name=\"twitter:data1\" content=\"3 minuty\" \/>\n<script type=\"application\/ld+json\" class=\"yoast-schema-graph\">{\"@context\":\"https:\/\/schema.org\",\"@graph\":[{\"@type\":\"WebPage\",\"@id\":\"https:\/\/www.hotelposeidon.it\/cs\/kde-se-nachazime\/\",\"url\":\"https:\/\/www.hotelposeidon.it\/cs\/kde-se-nachazime\/\",\"name\":\"Kde se nach\u00e1z\u00edme - Hotel Poseidon San Benedetto del Tronto\",\"isPartOf\":{\"@id\":\"https:\/\/www.hotelposeidon.it\/cs\/#website\"},\"datePublished\":\"2022-08-22T15:10:58+00:00\",\"dateModified\":\"2024-04-05T12:39:10+00:00\",\"description\":\"M\u016f\u017eete n\u00e1s kontaktovat telefonicky, e-mailem nebo p\u0159es WhatsApp. Pro rezervace, nab\u00eddky a dostupnost pou\u017eijte 3minutov\u00fd online syst\u00e9m.\",\"breadcrumb\":{\"@id\":\"https:\/\/www.hotelposeidon.it\/cs\/kde-se-nachazime\/#breadcrumb\"},\"inLanguage\":\"cs\",\"potentialAction\":[{\"@type\":\"ReadAction\",\"target\":[\"https:\/\/www.hotelposeidon.it\/cs\/kde-se-nachazime\/\"]}]},{\"@type\":\"BreadcrumbList\",\"@id\":\"https:\/\/www.hotelposeidon.it\/cs\/kde-se-nachazime\/#breadcrumb\",\"itemListElement\":[{\"@type\":\"ListItem\",\"position\":1,\"name\":\"Home\",\"item\":\"https:\/\/www.hotelposeidon.it\/cs\/3hvezdickovy-hotel-na-plazi\/\"},{\"@type\":\"ListItem\",\"position\":2,\"name\":\"Kde se nach\u00e1z\u00edme\"}]},{\"@type\":\"WebSite\",\"@id\":\"https:\/\/www.hotelposeidon.it\/cs\/#website\",\"url\":\"https:\/\/www.hotelposeidon.it\/cs\/\",\"name\":\"Hotel Poseidon San Benedetto del Tronto\",\"description\":\"Hotel 3 stelle prima fila mare\",\"potentialAction\":[{\"@type\":\"SearchAction\",\"target\":{\"@type\":\"EntryPoint\",\"urlTemplate\":\"https:\/\/www.hotelposeidon.it\/cs\/?s={search_term_string}\"},\"query-input\":\"required name=search_term_string\"}],\"inLanguage\":\"cs\"}]}<\/script>\n<!-- \/ Yoast SEO plugin. -->","yoast_head_json":{"title":"Kde se nach\u00e1z\u00edme - Hotel Poseidon San Benedetto del Tronto","description":"M\u016f\u017eete n\u00e1s kontaktovat telefonicky, e-mailem nebo p\u0159es WhatsApp. Pro rezervace, nab\u00eddky a dostupnost pou\u017eijte 3minutov\u00fd online syst\u00e9m.","robots":{"index":"index","follow":"follow","max-snippet":"max-snippet:-1","max-image-preview":"max-image-preview:large","max-video-preview":"max-video-preview:-1"},"canonical":"https:\/\/www.hotelposeidon.it\/cs\/kde-se-nachazime\/","og_locale":"cs_CZ","og_type":"article","og_title":"Kde se nach\u00e1z\u00edme - Hotel Poseidon San Benedetto del Tronto","og_description":"M\u016f\u017eete n\u00e1s kontaktovat telefonicky, e-mailem nebo p\u0159es WhatsApp. Pro rezervace, nab\u00eddky a dostupnost pou\u017eijte 3minutov\u00fd online syst\u00e9m.","og_url":"https:\/\/www.hotelposeidon.it\/cs\/kde-se-nachazime\/","og_site_name":"Hotel Poseidon San Benedetto del Tronto","article_modified_time":"2024-04-05T12:39:10+00:00","twitter_card":"summary_large_image","twitter_misc":{"Odhadovan\u00e1 doba \u010dten\u00ed":"3 minuty"},"schema":{"@context":"https:\/\/schema.org","@graph":[{"@type":"WebPage","@id":"https:\/\/www.hotelposeidon.it\/cs\/kde-se-nachazime\/","url":"https:\/\/www.hotelposeidon.it\/cs\/kde-se-nachazime\/","name":"Kde se nach\u00e1z\u00edme - Hotel Poseidon San Benedetto del Tronto","isPartOf":{"@id":"https:\/\/www.hotelposeidon.it\/cs\/#website"},"datePublished":"2022-08-22T15:10:58+00:00","dateModified":"2024-04-05T12:39:10+00:00","description":"M\u016f\u017eete n\u00e1s kontaktovat telefonicky, e-mailem nebo p\u0159es WhatsApp. Pro rezervace, nab\u00eddky a dostupnost pou\u017eijte 3minutov\u00fd online syst\u00e9m.","breadcrumb":{"@id":"https:\/\/www.hotelposeidon.it\/cs\/kde-se-nachazime\/#breadcrumb"},"inLanguage":"cs","potentialAction":[{"@type":"ReadAction","target":["https:\/\/www.hotelposeidon.it\/cs\/kde-se-nachazime\/"]}]},{"@type":"BreadcrumbList","@id":"https:\/\/www.hotelposeidon.it\/cs\/kde-se-nachazime\/#breadcrumb","itemListElement":[{"@type":"ListItem","position":1,"name":"Home","item":"https:\/\/www.hotelposeidon.it\/cs\/3hvezdickovy-hotel-na-plazi\/"},{"@type":"ListItem","position":2,"name":"Kde se nach\u00e1z\u00edme"}]},{"@type":"WebSite","@id":"https:\/\/www.hotelposeidon.it\/cs\/#website","url":"https:\/\/www.hotelposeidon.it\/cs\/","name":"Hotel Poseidon San Benedetto del Tronto","description":"Hotel 3 stelle prima fila mare","potentialAction":[{"@type":"SearchAction","target":{"@type":"EntryPoint","urlTemplate":"https:\/\/www.hotelposeidon.it\/cs\/?s={search_term_string}"},"query-input":"required name=search_term_string"}],"inLanguage":"cs"}]}},"_links":{"self":[{"href":"https:\/\/www.hotelposeidon.it\/cs\/wp-json\/wp\/v2\/pages\/23332","targetHints":{"allow":["GET"]}}],"collection":[{"href":"https:\/\/www.hotelposeidon.it\/cs\/wp-json\/wp\/v2\/pages"}],"about":[{"href":"https:\/\/www.hotelposeidon.it\/cs\/wp-json\/wp\/v2\/types\/page"}],"author":[{"embeddable":true,"href":"https:\/\/www.hotelposeidon.it\/cs\/wp-json\/wp\/v2\/users\/1"}],"replies":[{"embeddable":true,"href":"https:\/\/www.hotelposeidon.it\/cs\/wp-json\/wp\/v2\/comments?post=23332"}],"version-history":[{"count":12,"href":"https:\/\/www.hotelposeidon.it\/cs\/wp-json\/wp\/v2\/pages\/23332\/revisions"}],"predecessor-version":[{"id":23600,"href":"https:\/\/www.hotelposeidon.it\/cs\/wp-json\/wp\/v2\/pages\/23332\/revisions\/23600"}],"wp:attachment":[{"href":"https:\/\/www.hotelposeidon.it\/cs\/wp-json\/wp\/v2\/media?parent=23332"}],"curies":[{"name":"wp","href":"https:\/\/api.w.org\/{rel}","templated":true}]}}