{"id":23334,"date":"2022-05-23T06:23:48","date_gmt":"2022-05-23T06:23:48","guid":{"rendered":"https:\/\/www.hotelposeidon.it\/kniha\/"},"modified":"2025-04-13T08:39:50","modified_gmt":"2025-04-13T08:39:50","slug":"kniha","status":"publish","type":"page","link":"https:\/\/www.hotelposeidon.it\/cs\/kniha\/","title":{"rendered":"Kniha"},"content":{"rendered":"<section class=\"vc_row wpb_row vc_row-fluid  vc_custom_1653289218513\"><div class=\"wpb_column vc_column_container vc_col-sm-12  col-xs-mobile-fullwidth text-center md-text-center sm-text-center xs-text-center\"><div class=\"vc_column-inner \"><div class=\"wpb_wrapper\"><div class=\"text-medium-gray text-small margin-5px-bottom alt-font text-uppercase heading-style4  heading-1\" >Chcete b\u00fdt na\u0161\u00edm hostem?<\/div><h2 class=\"text-extra-dark-gray margin-20px-bottom font-weight-600 display-inline-block alt-font heading-style2  heading-2\"  style=\"letter-spacing: -1px; font-weight: 700;\">Rezervujte online: okam\u017eit\u00e1 dostupnost a nejlep\u0161\u00ed cena!<\/h2><a  href=\"https:\/\/book.ermeshotels.com\/hotel\/3107\/channel\/1633\/language\/2\/rooms\" target=\"_self\" class=\"btn pofo-button-1 button-style1  btn-dark-gray  btn-extra-large\" >Rezervovat nyn\u00ed<\/a><div class=\" vc_custom_1744533540209 last-paragraph-no-margin\"><p>&#8230;a pokud nenajdete \u0159e\u0161en\u00ed, kter\u00e9 v\u00e1m vyhovuje, kontaktujte n\u00e1s na \u010d\u00edsle <a style=\"color: #009; font-weight: bold;\" href=\"tel:+390735751696\">0735 751696<\/a>!<\/p>\n<\/div><\/div><\/div><\/div><\/section><section data-vc-full-width=\"true\" data-vc-full-width-init=\"false\" data-vc-stretch-content=\"true\" class=\"vc_row wpb_row vc_row-fluid  vc_custom_1507617627495 wow fadeIn pofo-stretch-content vc_row-o-equal-height vc_row-o-content-middle vc_row-flex\"><div class=\"wpb_column vc_column_container vc_col-sm-12 vc_col-md-6 vc_col-xs-12 wow fadeInLeft pofo-column-responsive-6a05bb67b7853\"><div class=\"vc_column-inner cover-background bg-position-center-center vc_custom_1652854182443\"><div class=\"wpb_wrapper\">[vc_gmaps link=&#8220;#E-8_JTNDaWZyYW1lJTIwc3JjJTNEJTIyaHR0cHMlM0ElMkYlMkZ3d3cuZ29vZ2xlLmNvbSUyRm1hcHMlMkZkJTJGZW1iZWQlM0ZtaWQlM0QxUHBrYXBIVmdRaklCUnlmc2hHRTNTWllzWDFsX3dwQXMlMjZhbXAlM0JlaGJjJTNEMkUzMTJGJTIyJTIwd2lkdGglM0QlMjIxMDAlMjUlMjIlMjBoZWlnaHQlM0QlMjI3MDAlMjIlM0UlM0MlMkZpZnJhbWUlM0U=&#8220; css=&#8220;.vc_custom_1652854421203{margin-top: 0px !important;margin-right: 0px !important;margin-bottom: 0px !important;margin-left: 0px !important;padding-top: 0px !important;padding-right: 0px !important;padding-bottom: 0px !important;padding-left: 0px !important;}&#8220;]<\/div><\/div><\/div><div class=\"wpb_column vc_column_container vc_col-sm-12 vc_col-md-6 vc_col-xs-12 wow fadeInRight\"><div class=\"vc_column-inner \"><div class=\"wpb_wrapper\"><div class=\"vc_row wpb_row vc_inner vc_row-fluid   vc_row-o-equal-height vc_row-o-content-middle vc_row-flex\"><div class=\"wpb_column vc_column_container vc_col-has-fill vc_col-sm-6 vc_col-md-6 vc_col-xs-12 wow fadeIn text-center\"><div class=\"vc_column-inner vc_custom_1652852800227\" style=\"min-height: 350px;\"><div class=\"wpb_wrapper\"><div class=\"grigiochiaro featurebox21 pofo-featurebox featurebox21-1\" ><div class=\"display-inline-block margin-25px-bottom sm-margin-15px-bottom xs-margin-10px-bottom\"><i class=\"link-icon display-block icon-map icon-medium\"><\/i><\/div><span class=\"text-extra-dark-gray display-inline-block width-100 text-small font-weight-600 alt-font margin-5px-bottom\" style=\"font-size: 14px; line-height: 24px; color: #ffffff;\" data-fontsize=\"14px\" data-lineheight=\"24px\">ADRESA<\/span><div class=\"xs-margin-10px-bottom center-col last-paragraph-no-margin width-60 md-width-80\"><p class=\"center-col text-medium\">Via San Giacomo, 34\/37,<br \/>\nSan Benedetto del Tronto<br \/>\nProvincie Ascoli Piceno<br \/>\nMarche &#8211; It\u00e1lie<\/p>\n<\/div><\/div><\/div><\/div><\/div><div class=\"wpb_column vc_column_container vc_col-has-fill vc_col-sm-6 vc_col-md-6 vc_col-xs-12 wow fadeIn text-center\"><div class=\"vc_column-inner vc_custom_1652852756466\" style=\"min-height: 350px;\"><div class=\"wpb_wrapper\"><div class=\"grigiochiaro featurebox21 pofo-featurebox featurebox21-2\" ><div class=\"display-inline-block margin-25px-bottom sm-margin-15px-bottom xs-margin-10px-bottom\"><i class=\"link-icon display-block icon-chat icon-medium\"><\/i><\/div><span class=\"text-extra-dark-gray display-inline-block width-100 text-small font-weight-600 alt-font margin-5px-bottom\" style=\"font-size: 14px; line-height: 24px; color: #ffffff;\" data-fontsize=\"14px\" data-lineheight=\"24px\">TELEFON<\/span><div class=\"xs-margin-10px-bottom center-col last-paragraph-no-margin width-60 md-width-80\"><p>+39.0735.751696<br \/>\nFax: +39.0735.753414<br \/>\nZimn\u00ed adresa:<br \/>\n+39.0735.655071<\/p>\n<\/div><\/div><\/div><\/div><\/div><div class=\"wpb_column vc_column_container vc_col-has-fill vc_col-sm-6 vc_col-md-6 vc_col-xs-12 wow fadeIn text-center\"><div class=\"vc_column-inner vc_custom_1652852762354\" style=\"min-height: 350px;\"><div class=\"wpb_wrapper\"><div class=\"grigiochiaro featurebox21 pofo-featurebox featurebox21-3\" ><div class=\"display-inline-block margin-25px-bottom sm-margin-15px-bottom xs-margin-10px-bottom\"><i class=\"link-icon display-block icon-envelope icon-medium\"><\/i><\/div><span class=\"text-extra-dark-gray display-inline-block width-100 text-small font-weight-600 alt-font margin-5px-bottom\" style=\"font-size: 14px; line-height: 24px; color: #ffffff;\" data-fontsize=\"14px\" data-lineheight=\"24px\">NAPI\u0160TE N\u00c1M<\/span><div class=\"xs-margin-10px-bottom center-col last-paragraph-no-margin width-60 md-width-80\"><p class=\"center-col text-medium no-margin\">Informace:<br \/>\n<a href=\"mailto:info@hotelposeidon.it\">info@hotelposeidon.it<\/a><\/p>\n<p>Po\u0161lete \u017eivotopis:<br \/>\n<a href=\"mailto:lavoro@hotelposeidon.it\">lavoro@hotelposeidon.it<\/a><\/p>\n<\/div><\/div><\/div><\/div><\/div><div class=\"wpb_column vc_column_container vc_col-has-fill vc_col-sm-6 vc_col-md-6 vc_col-xs-12 wow fadeIn text-center\"><div class=\"vc_column-inner vc_custom_1652852795042\" style=\"min-height: 350px;\"><div class=\"wpb_wrapper\"><div class=\"grigiochiaro featurebox21 pofo-featurebox featurebox21-4\" ><div class=\"display-inline-block margin-25px-bottom sm-margin-15px-bottom xs-margin-10px-bottom\"><i class=\"link-icon display-block icon-clock icon-medium\"><\/i><\/div><span class=\"text-extra-dark-gray display-inline-block width-100 text-small font-weight-600 alt-font margin-5px-bottom\" style=\"font-size: 14px; line-height: 24px; color: #ffffff;\" data-fontsize=\"14px\" data-lineheight=\"24px\">OTEV\u00cdR\u00c1N\u00cd<\/span><div class=\"xs-margin-10px-bottom center-col last-paragraph-no-margin width-60 md-width-80\"><p>Hotel je otev\u0159en v letn\u00edch m\u011bs\u00edc\u00edch a pro skupiny i v jinou dobu.<br \/>\nRezervace je mo\u017en\u00e1 denn\u011b od 8:00 do 20:00.<\/p>\n<\/div><\/div><\/div><\/div><\/div><\/div><\/div><\/div><\/div><\/section><div class=\"vc_row-full-width vc_clearfix\"><\/div><section data-vc-full-width=\"true\" data-vc-full-width-init=\"false\" data-parallax-background-ratio=\"0.5\" class=\"vc_row wpb_row vc_row-fluid  vc_custom_1503400474432 wow fadeIn vc_row-has-fill pofo-stretch-content pofo-stretch-row-container parallax\"><div class=\"wpb_column vc_column_container vc_col-sm-12  col-xs-mobile-fullwidth text-center\"><div class=\"vc_column-inner \"><div class=\"wpb_wrapper\"><span class=\"text-extra-dark-gray margin-20px-bottom font-weight-600 display-inline-block alt-font text-uppercase heading-style2  vc_custom_1652854656238  heading-3\"  style=\"font-size: 16px; line-height: 23px;\" data-fontsize=\"16px\" data-lineheight=\"23px\">Sledujte n\u00e1s na soci\u00e1ln\u00edch s\u00edt\u00edch a bu\u010fte informov\u00e1ni o na\u0161ich nab\u00eddk\u00e1ch!<\/span><div  class=\"pofo-social-links social-icon-style-4 social-icon-1\"><ul class=\"large-icon\"><li><a class=\"facebook-f\" href=\"https:\/\/www.facebook.com\/poseidonsanbenedetto\" target=\"_blank\"><i class=\"fab fa-facebook-f\"><\/i><span><\/span><\/a><\/li><li><a class=\"instagram\" href=\"https:\/\/www.instagram.com\/poseidonsanbenedetto\/\" target=\"_blank\"><i class=\"fab fa-instagram\"><\/i><span><\/span><\/a><\/li><\/ul><\/div><\/div><\/div><\/div><\/section><div class=\"vc_row-full-width vc_clearfix\"><\/div>\n","protected":false},"excerpt":{"rendered":"Chcete b\u00fdt na\u0161\u00edm hostem?Rezervujte online: okam\u017eit\u00e1 dostupnost a nejlep\u0161\u00ed cena!Rezervovat nyn\u00ed...a pokud nenajdete \u0159e\u0161en\u00ed, kter\u00e9 v\u00e1m vyhovuje, kontaktujte n\u00e1s na \u010d\u00edsle 0735 751696! [vc_gmaps link=\"#E-8_JTNDaWZyYW1lJTIwc3JjJTNEJTIyaHR0cHMlM0ElMkYlMkZ3d3cuZ29vZ2xlLmNvbSUyRm1hcHMlMkZkJTJGZW1iZWQlM0ZtaWQlM0QxUHBrYXBIVmdRaklCUnlmc2hHRTNTWllzWDFsX3dwQXMlMjZhbXAlM0JlaGJjJTNEMkUzMTJGJTIyJTIwd2lkdGglM0QlMjIxMDAlMjUlMjIlMjBoZWlnaHQlM0QlMjI3MDAlMjIlM0UlM0MlMkZpZnJhbWUlM0U=\" css=\".vc_custom_1652854421203{margin-top: 0px !important;margin-right: 0px !important;margin-bottom: 0px !important;margin-left: 0px !important;padding-top: 0px !important;padding-right: 0px !important;padding-bottom: 0px !important;padding-left: 0px !important;}\"]ADRESAVia San Giacomo, 34\/37, San Benedetto del Tronto Provincie Ascoli Piceno Marche - It\u00e1lie TELEFON+39.0735.751696 Fax: +39.0735.753414 Zimn\u00ed adresa: +39.0735.655071 NAPI\u0160TE N\u00c1MInformace: info@hotelposeidon.it Po\u0161lete \u017eivotopis: lavoro@hotelposeidon.it OTEV\u00cdR\u00c1N\u00cdHotel je otev\u0159en v letn\u00edch m\u011bs\u00edc\u00edch a pro skupiny i v jinou dobu. Rezervace je mo\u017en\u00e1 denn\u011b od 8:00 do 20:00. Sledujte n\u00e1s na soci\u00e1ln\u00edch s\u00edt\u00edch a bu\u010fte informov\u00e1ni o na\u0161ich nab\u00eddk\u00e1ch!","protected":false},"author":1,"featured_media":0,"parent":0,"menu_order":0,"comment_status":"closed","ping_status":"closed","template":"","meta":{"inline_featured_image":false,"footnotes":""},"class_list":["post-23334","page","type-page","status-publish","hentry"],"yoast_head":"<!-- This site is optimized with the Yoast SEO plugin v21.7 - https:\/\/yoast.com\/wordpress\/plugins\/seo\/ -->\n<title>Kniha - Hotel Poseidon San Benedetto del Tronto<\/title>\n<meta name=\"description\" content=\"S na\u0161\u00edm rezerva\u010dn\u00edm syst\u00e9mem pro nab\u00eddky a dostupnost do 3 minut, bez provize a za nejni\u017e\u0161\u00ed cenu!\" \/>\n<meta name=\"robots\" content=\"index, follow, max-snippet:-1, max-image-preview:large, max-video-preview:-1\" \/>\n<link rel=\"canonical\" href=\"https:\/\/www.hotelposeidon.it\/cs\/kniha\/\" \/>\n<meta property=\"og:locale\" content=\"cs_CZ\" \/>\n<meta property=\"og:type\" content=\"article\" \/>\n<meta property=\"og:title\" content=\"Kniha - Hotel Poseidon San Benedetto del Tronto\" \/>\n<meta property=\"og:description\" content=\"S na\u0161\u00edm rezerva\u010dn\u00edm syst\u00e9mem pro nab\u00eddky a dostupnost do 3 minut, bez provize a za nejni\u017e\u0161\u00ed cenu!\" \/>\n<meta property=\"og:url\" content=\"https:\/\/www.hotelposeidon.it\/cs\/kniha\/\" \/>\n<meta property=\"og:site_name\" content=\"Hotel Poseidon San Benedetto del Tronto\" \/>\n<meta property=\"article:modified_time\" content=\"2025-04-13T08:39:50+00:00\" \/>\n<meta name=\"twitter:card\" content=\"summary_large_image\" \/>\n<meta name=\"twitter:label1\" content=\"Odhadovan\u00e1 doba \u010dten\u00ed\" \/>\n\t<meta name=\"twitter:data1\" content=\"5 minut\" \/>\n<script type=\"application\/ld+json\" class=\"yoast-schema-graph\">{\"@context\":\"https:\/\/schema.org\",\"@graph\":[{\"@type\":\"WebPage\",\"@id\":\"https:\/\/www.hotelposeidon.it\/cs\/kniha\/\",\"url\":\"https:\/\/www.hotelposeidon.it\/cs\/kniha\/\",\"name\":\"Kniha - Hotel Poseidon San Benedetto del Tronto\",\"isPartOf\":{\"@id\":\"https:\/\/www.hotelposeidon.it\/cs\/#website\"},\"datePublished\":\"2022-05-23T06:23:48+00:00\",\"dateModified\":\"2025-04-13T08:39:50+00:00\",\"description\":\"S na\u0161\u00edm rezerva\u010dn\u00edm syst\u00e9mem pro nab\u00eddky a dostupnost do 3 minut, bez provize a za nejni\u017e\u0161\u00ed cenu!\",\"breadcrumb\":{\"@id\":\"https:\/\/www.hotelposeidon.it\/cs\/kniha\/#breadcrumb\"},\"inLanguage\":\"cs\",\"potentialAction\":[{\"@type\":\"ReadAction\",\"target\":[\"https:\/\/www.hotelposeidon.it\/cs\/kniha\/\"]}]},{\"@type\":\"BreadcrumbList\",\"@id\":\"https:\/\/www.hotelposeidon.it\/cs\/kniha\/#breadcrumb\",\"itemListElement\":[{\"@type\":\"ListItem\",\"position\":1,\"name\":\"Home\",\"item\":\"https:\/\/www.hotelposeidon.it\/cs\/3hvezdickovy-hotel-na-plazi\/\"},{\"@type\":\"ListItem\",\"position\":2,\"name\":\"Kniha\"}]},{\"@type\":\"WebSite\",\"@id\":\"https:\/\/www.hotelposeidon.it\/cs\/#website\",\"url\":\"https:\/\/www.hotelposeidon.it\/cs\/\",\"name\":\"Hotel Poseidon San Benedetto del Tronto\",\"description\":\"Hotel 3 stelle prima fila mare\",\"potentialAction\":[{\"@type\":\"SearchAction\",\"target\":{\"@type\":\"EntryPoint\",\"urlTemplate\":\"https:\/\/www.hotelposeidon.it\/cs\/?s={search_term_string}\"},\"query-input\":\"required name=search_term_string\"}],\"inLanguage\":\"cs\"}]}<\/script>\n<!-- \/ Yoast SEO plugin. -->","yoast_head_json":{"title":"Kniha - Hotel Poseidon San Benedetto del Tronto","description":"S na\u0161\u00edm rezerva\u010dn\u00edm syst\u00e9mem pro nab\u00eddky a dostupnost do 3 minut, bez provize a za nejni\u017e\u0161\u00ed cenu!","robots":{"index":"index","follow":"follow","max-snippet":"max-snippet:-1","max-image-preview":"max-image-preview:large","max-video-preview":"max-video-preview:-1"},"canonical":"https:\/\/www.hotelposeidon.it\/cs\/kniha\/","og_locale":"cs_CZ","og_type":"article","og_title":"Kniha - Hotel Poseidon San Benedetto del Tronto","og_description":"S na\u0161\u00edm rezerva\u010dn\u00edm syst\u00e9mem pro nab\u00eddky a dostupnost do 3 minut, bez provize a za nejni\u017e\u0161\u00ed cenu!","og_url":"https:\/\/www.hotelposeidon.it\/cs\/kniha\/","og_site_name":"Hotel Poseidon San Benedetto del Tronto","article_modified_time":"2025-04-13T08:39:50+00:00","twitter_card":"summary_large_image","twitter_misc":{"Odhadovan\u00e1 doba \u010dten\u00ed":"5 minut"},"schema":{"@context":"https:\/\/schema.org","@graph":[{"@type":"WebPage","@id":"https:\/\/www.hotelposeidon.it\/cs\/kniha\/","url":"https:\/\/www.hotelposeidon.it\/cs\/kniha\/","name":"Kniha - Hotel Poseidon San Benedetto del Tronto","isPartOf":{"@id":"https:\/\/www.hotelposeidon.it\/cs\/#website"},"datePublished":"2022-05-23T06:23:48+00:00","dateModified":"2025-04-13T08:39:50+00:00","description":"S na\u0161\u00edm rezerva\u010dn\u00edm syst\u00e9mem pro nab\u00eddky a dostupnost do 3 minut, bez provize a za nejni\u017e\u0161\u00ed cenu!","breadcrumb":{"@id":"https:\/\/www.hotelposeidon.it\/cs\/kniha\/#breadcrumb"},"inLanguage":"cs","potentialAction":[{"@type":"ReadAction","target":["https:\/\/www.hotelposeidon.it\/cs\/kniha\/"]}]},{"@type":"BreadcrumbList","@id":"https:\/\/www.hotelposeidon.it\/cs\/kniha\/#breadcrumb","itemListElement":[{"@type":"ListItem","position":1,"name":"Home","item":"https:\/\/www.hotelposeidon.it\/cs\/3hvezdickovy-hotel-na-plazi\/"},{"@type":"ListItem","position":2,"name":"Kniha"}]},{"@type":"WebSite","@id":"https:\/\/www.hotelposeidon.it\/cs\/#website","url":"https:\/\/www.hotelposeidon.it\/cs\/","name":"Hotel Poseidon San Benedetto del Tronto","description":"Hotel 3 stelle prima fila mare","potentialAction":[{"@type":"SearchAction","target":{"@type":"EntryPoint","urlTemplate":"https:\/\/www.hotelposeidon.it\/cs\/?s={search_term_string}"},"query-input":"required name=search_term_string"}],"inLanguage":"cs"}]}},"_links":{"self":[{"href":"https:\/\/www.hotelposeidon.it\/cs\/wp-json\/wp\/v2\/pages\/23334","targetHints":{"allow":["GET"]}}],"collection":[{"href":"https:\/\/www.hotelposeidon.it\/cs\/wp-json\/wp\/v2\/pages"}],"about":[{"href":"https:\/\/www.hotelposeidon.it\/cs\/wp-json\/wp\/v2\/types\/page"}],"author":[{"embeddable":true,"href":"https:\/\/www.hotelposeidon.it\/cs\/wp-json\/wp\/v2\/users\/1"}],"replies":[{"embeddable":true,"href":"https:\/\/www.hotelposeidon.it\/cs\/wp-json\/wp\/v2\/comments?post=23334"}],"version-history":[{"count":27,"href":"https:\/\/www.hotelposeidon.it\/cs\/wp-json\/wp\/v2\/pages\/23334\/revisions"}],"predecessor-version":[{"id":23844,"href":"https:\/\/www.hotelposeidon.it\/cs\/wp-json\/wp\/v2\/pages\/23334\/revisions\/23844"}],"wp:attachment":[{"href":"https:\/\/www.hotelposeidon.it\/cs\/wp-json\/wp\/v2\/media?parent=23334"}],"curies":[{"name":"wp","href":"https:\/\/api.w.org\/{rel}","templated":true}]}}