{"id":23319,"date":"2017-08-08T10:09:49","date_gmt":"2017-08-08T10:09:49","guid":{"rendered":"https:\/\/www.hotelposeidon.it\/kontakt\/"},"modified":"2024-04-05T12:38:12","modified_gmt":"2024-04-05T12:38:12","slug":"kontakt","status":"publish","type":"page","link":"https:\/\/www.hotelposeidon.it\/de\/kontakt\/","title":{"rendered":"Kontakt"},"content":{"rendered":"<section data-vc-full-width=\"true\" data-vc-full-width-init=\"false\" class=\"vc_row wpb_row vc_row-fluid big-section vc_custom_1652854727490 wow fadeIn pofo-stretch-content pofo-stretch-row-container pofo-row-responsive-69e7b90fa7620\"><div class=\"wpb_column vc_column_container vc_col-md-2 vc_hidden-sm col-xs-mobile-fullwidth\"><div class=\"vc_column-inner \"><div class=\"wpb_wrapper\"><\/div><\/div><\/div><div class=\"wpb_column vc_column_container vc_col-sm-12 vc_col-md-8 vc_col-xs-12 text-center\"><div class=\"vc_column-inner \"><div class=\"wpb_wrapper\"><div class=\"text-medium-gray text-small margin-5px-bottom alt-font text-uppercase heading-style4  heading-1\" >Was auch immer Sie brauchen<\/div><h2 class=\"text-extra-dark-gray margin-20px-bottom font-weight-600 display-inline-block alt-font heading-style2  heading-2\"  style=\"letter-spacing: -1px; font-weight: 700;\">Kontaktieren Sie uns!<\/h2><div class=\" vc_custom_1653286999988 last-paragraph-no-margin pofo-text-block-responsive-69e7b90fa7875\" style=\"width: 100%;\"><p>Sie k\u00f6nnen uns anrufen unter <a href=\"tel:+390735751696\">0735.751696<\/a>, uns eine E-Mail schicken oder uns in den sozialen Medien suchen. Welche Informationen Sie auch immer suchen, z\u00f6gern Sie nicht, uns zu kontaktieren! Und vergessen Sie nicht: Mit unserem Online-Buchungsformular k\u00f6nnen Sie Verf\u00fcgbarkeit und Preise sofort und in Echtzeit \u00fcberpr\u00fcfen.<\/p>\n<\/div><a  href=\"https:\/\/www.hotelposeidon.it\/de\/buchen-sie\/\" target=\"_self\" class=\"btn section-link pofo-button-1 button-style3  btn-transparent-black  btn-large  vc_custom_1712320632201\" >JETZT BUCHEN<\/a><\/div><\/div><\/div><div class=\"wpb_column vc_column_container vc_col-md-2 vc_hidden-sm col-xs-mobile-fullwidth\"><div class=\"vc_column-inner \"><div class=\"wpb_wrapper\"><\/div><\/div><\/div><\/section><div class=\"vc_row-full-width vc_clearfix\"><\/div><section data-vc-full-width=\"true\" data-vc-full-width-init=\"false\" data-vc-stretch-content=\"true\" class=\"vc_row wpb_row vc_row-fluid  vc_custom_1507617627495 wow fadeIn pofo-stretch-content vc_row-o-equal-height vc_row-o-content-middle vc_row-flex\"><div class=\"wpb_column vc_column_container vc_col-sm-12 vc_col-md-6 vc_col-xs-12 wow fadeInLeft pofo-column-responsive-69e7b90fa7a90\"><div class=\"vc_column-inner cover-background bg-position-center-center vc_custom_1652854182443\"><div class=\"wpb_wrapper\">[vc_gmaps link=&#8220;#E-8_JTNDaWZyYW1lJTIwc3JjJTNEJTIyaHR0cHMlM0ElMkYlMkZ3d3cuZ29vZ2xlLmNvbSUyRm1hcHMlMkZkJTJGZW1iZWQlM0ZtaWQlM0QxUHBrYXBIVmdRaklCUnlmc2hHRTNTWllzWDFsX3dwQXMlMjZhbXAlM0JlaGJjJTNEMkUzMTJGJTIyJTIwd2lkdGglM0QlMjIxMDAlMjUlMjIlMjBoZWlnaHQlM0QlMjI3MDAlMjIlM0UlM0MlMkZpZnJhbWUlM0U=&#8220; css=&#8220;.vc_custom_1652854421203{margin-top: 0px !important;margin-right: 0px !important;margin-bottom: 0px !important;margin-left: 0px !important;padding-top: 0px !important;padding-right: 0px !important;padding-bottom: 0px !important;padding-left: 0px !important;}&#8220;]<\/div><\/div><\/div><div class=\"wpb_column vc_column_container vc_col-sm-12 vc_col-md-6 vc_col-xs-12 wow fadeInRight\"><div class=\"vc_column-inner \"><div class=\"wpb_wrapper\"><div class=\"vc_row wpb_row vc_inner vc_row-fluid   vc_row-o-equal-height vc_row-o-content-middle vc_row-flex\"><div class=\"wpb_column vc_column_container vc_col-has-fill vc_col-sm-6 vc_col-md-6 vc_col-xs-12 wow fadeIn text-center\"><div class=\"vc_column-inner vc_custom_1652852800227\" style=\"min-height: 350px;\"><div class=\"wpb_wrapper\"><div class=\"grigiochiaro featurebox21 pofo-featurebox featurebox21-1\" ><div class=\"display-inline-block margin-25px-bottom sm-margin-15px-bottom xs-margin-10px-bottom\"><i class=\"link-icon display-block icon-map icon-medium\"><\/i><\/div><span class=\"text-extra-dark-gray display-inline-block width-100 text-small font-weight-600 alt-font margin-5px-bottom\" style=\"font-size: 14px; line-height: 24px; color: #ffffff;\" data-fontsize=\"14px\" data-lineheight=\"24px\">ADRESSE<\/span><div class=\"xs-margin-10px-bottom center-col last-paragraph-no-margin width-60 md-width-80\"><p class=\"center-col text-medium\">Via San Giacomo, 34\/37,<br \/>\nSan Benedetto del Tronto<br \/>\nProvinz Ascoli Piceno<br \/>\nMarken &#8211; Italien<\/p>\n<\/div><\/div><\/div><\/div><\/div><div class=\"wpb_column vc_column_container vc_col-has-fill vc_col-sm-6 vc_col-md-6 vc_col-xs-12 wow fadeIn text-center\"><div class=\"vc_column-inner vc_custom_1652852756466\" style=\"min-height: 350px;\"><div class=\"wpb_wrapper\"><div class=\"grigiochiaro featurebox21 pofo-featurebox featurebox21-2\" ><div class=\"display-inline-block margin-25px-bottom sm-margin-15px-bottom xs-margin-10px-bottom\"><i class=\"link-icon display-block icon-chat icon-medium\"><\/i><\/div><span class=\"text-extra-dark-gray display-inline-block width-100 text-small font-weight-600 alt-font margin-5px-bottom\" style=\"font-size: 14px; line-height: 24px; color: #ffffff;\" data-fontsize=\"14px\" data-lineheight=\"24px\">TELEFON<\/span><div class=\"xs-margin-10px-bottom center-col last-paragraph-no-margin width-60 md-width-80\"><p>+39.0735.751696<br \/>\nFax: +39.0735.753414<br \/>\nrecapito invernale:<br \/>\n+39.0735.655071<\/p>\n<\/div><\/div><\/div><\/div><\/div><div class=\"wpb_column vc_column_container vc_col-has-fill vc_col-sm-6 vc_col-md-6 vc_col-xs-12 wow fadeIn text-center\"><div class=\"vc_column-inner vc_custom_1652852762354\" style=\"min-height: 350px;\"><div class=\"wpb_wrapper\"><div class=\"grigiochiaro featurebox21 pofo-featurebox featurebox21-3\" ><div class=\"display-inline-block margin-25px-bottom sm-margin-15px-bottom xs-margin-10px-bottom\"><i class=\"link-icon display-block icon-envelope icon-medium\"><\/i><\/div><span class=\"text-extra-dark-gray display-inline-block width-100 text-small font-weight-600 alt-font margin-5px-bottom\" style=\"font-size: 14px; line-height: 24px; color: #ffffff;\" data-fontsize=\"14px\" data-lineheight=\"24px\">WRITE<\/span><div class=\"xs-margin-10px-bottom center-col last-paragraph-no-margin width-60 md-width-80\"><p class=\"center-col text-medium no-margin\">F\u00fcr Informationen:<br \/>\n<a href=\"mailto:info@hotelposeidon.it\">info@hotelposeidon.it<\/a><\/p>\n<p>Lebenslauf senden:<br \/>\n<a href=\"mailto:lavoro@hotelposeidon.it\">lavoro@hotelposeidon.it<\/a><\/p>\n<\/div><\/div><\/div><\/div><\/div><div class=\"wpb_column vc_column_container vc_col-has-fill vc_col-sm-6 vc_col-md-6 vc_col-xs-12 wow fadeIn text-center\"><div class=\"vc_column-inner vc_custom_1652852795042\" style=\"min-height: 350px;\"><div class=\"wpb_wrapper\"><div class=\"grigiochiaro featurebox21 pofo-featurebox featurebox21-4\" ><div class=\"display-inline-block margin-25px-bottom sm-margin-15px-bottom xs-margin-10px-bottom\"><i class=\"link-icon display-block icon-clock icon-medium\"><\/i><\/div><span class=\"text-extra-dark-gray display-inline-block width-100 text-small font-weight-600 alt-font margin-5px-bottom\" style=\"font-size: 14px; line-height: 24px; color: #ffffff;\" data-fontsize=\"14px\" data-lineheight=\"24px\">ER\u00d6FFNUNG<\/span><div class=\"xs-margin-10px-bottom center-col last-paragraph-no-margin width-60 md-width-80\"><p>Das Hotel ist in den Sommermonaten und f\u00fcr Gruppen auch zu anderen Zeiten ge\u00f6ffnet.<br \/>\nF\u00fcr Reservierungen kontaktieren Sie uns bitte t\u00e4glich von 8 Uhr bis 20 Uhr.<\/p>\n<\/div><\/div><\/div><\/div><\/div><\/div><\/div><\/div><\/div><\/section><div class=\"vc_row-full-width vc_clearfix\"><\/div><section data-vc-full-width=\"true\" data-vc-full-width-init=\"false\" data-parallax-background-ratio=\"0.5\" class=\"vc_row wpb_row vc_row-fluid  vc_custom_1503400474432 wow fadeIn vc_row-has-fill pofo-stretch-content pofo-stretch-row-container parallax\"><div class=\"wpb_column vc_column_container vc_col-sm-12  col-xs-mobile-fullwidth text-center\"><div class=\"vc_column-inner \"><div class=\"wpb_wrapper\"><span class=\"text-extra-dark-gray margin-20px-bottom font-weight-600 display-inline-block alt-font text-uppercase heading-style2  vc_custom_1652854656238  heading-3\"  style=\"font-size: 16px; line-height: 23px;\" data-fontsize=\"16px\" data-lineheight=\"23px\">Folgen Sie uns auf den sozialen Medien und bleiben Sie \u00fcber unsere Angebote informiert!<\/span><div  class=\"pofo-social-links social-icon-style-4 social-icon-1\"><ul class=\"large-icon\"><li><a class=\"facebook-f\" href=\"https:\/\/www.facebook.com\/poseidonsanbenedetto\" target=\"_blank\"><i class=\"fab fa-facebook-f\"><\/i><span><\/span><\/a><\/li><li><a class=\"instagram\" href=\"https:\/\/www.instagram.com\/poseidonsanbenedetto\/\" target=\"_blank\"><i class=\"fab fa-instagram\"><\/i><span><\/span><\/a><\/li><\/ul><\/div><\/div><\/div><\/div><\/section><div class=\"vc_row-full-width vc_clearfix\"><\/div>\n","protected":false},"excerpt":{"rendered":"Was auch immer Sie brauchenKontaktieren Sie uns!Sie k\u00f6nnen uns anrufen unter 0735.751696, uns eine E-Mail schicken oder uns in den sozialen Medien suchen. Welche Informationen Sie auch immer suchen, z\u00f6gern Sie nicht, uns zu kontaktieren! Und vergessen Sie nicht: Mit unserem Online-Buchungsformular k\u00f6nnen Sie Verf\u00fcgbarkeit und Preise sofort und in Echtzeit \u00fcberpr\u00fcfen. JETZT BUCHEN[vc_gmaps link=\"#E-8_JTNDaWZyYW1lJTIwc3JjJTNEJTIyaHR0cHMlM0ElMkYlMkZ3d3cuZ29vZ2xlLmNvbSUyRm1hcHMlMkZkJTJGZW1iZWQlM0ZtaWQlM0QxUHBrYXBIVmdRaklCUnlmc2hHRTNTWllzWDFsX3dwQXMlMjZhbXAlM0JlaGJjJTNEMkUzMTJGJTIyJTIwd2lkdGglM0QlMjIxMDAlMjUlMjIlMjBoZWlnaHQlM0QlMjI3MDAlMjIlM0UlM0MlMkZpZnJhbWUlM0U=\" css=\".vc_custom_1652854421203{margin-top: 0px !important;margin-right: 0px !important;margin-bottom: 0px !important;margin-left: 0px !important;padding-top: 0px !important;padding-right: 0px !important;padding-bottom: 0px !important;padding-left: 0px !important;}\"]ADRESSEVia San Giacomo, 34\/37, San Benedetto del Tronto Provinz Ascoli Piceno Marken - Italien TELEFON+39.0735.751696 Fax: +39.0735.753414 recapito invernale: +39.0735.655071 WRITEF\u00fcr Informationen: info@hotelposeidon.it Lebenslauf senden: lavoro@hotelposeidon.it ER\u00d6FFNUNGDas Hotel ist in den Sommermonaten und f\u00fcr Gruppen auch zu anderen Zeiten ge\u00f6ffnet. F\u00fcr Reservierungen kontaktieren Sie uns bitte t\u00e4glich von 8 Uhr bis 20 Uhr. Folgen Sie uns auf den sozialen Medien und bleiben Sie \u00fcber unsere Angebote informiert!","protected":false},"author":1,"featured_media":0,"parent":0,"menu_order":0,"comment_status":"closed","ping_status":"closed","template":"","meta":{"inline_featured_image":false,"footnotes":""},"class_list":["post-23319","page","type-page","status-publish","hentry"],"yoast_head":"<!-- This site is optimized with the Yoast SEO plugin v21.7 - https:\/\/yoast.com\/wordpress\/plugins\/seo\/ -->\n<title>Kontakt - Hotel Poseidon San Benedetto del Tronto<\/title>\n<meta name=\"description\" content=\"Sie k\u00f6nnen uns per Telefon, E-Mail oder Whatsapp kontaktieren. F\u00fcr Buchungen, Kostenvoranschl\u00e4ge und Verf\u00fcgbarkeiten nutzen Sie das 3-Minuten-Online-System.\" \/>\n<meta name=\"robots\" content=\"index, follow, max-snippet:-1, max-image-preview:large, max-video-preview:-1\" \/>\n<link rel=\"canonical\" href=\"https:\/\/www.hotelposeidon.it\/de\/kontakt\/\" \/>\n<meta property=\"og:locale\" content=\"de_DE\" \/>\n<meta property=\"og:type\" content=\"article\" \/>\n<meta property=\"og:title\" content=\"Kontakt - Hotel Poseidon San Benedetto del Tronto\" \/>\n<meta property=\"og:description\" content=\"Sie k\u00f6nnen uns per Telefon, E-Mail oder Whatsapp kontaktieren. F\u00fcr Buchungen, Kostenvoranschl\u00e4ge und Verf\u00fcgbarkeiten nutzen Sie das 3-Minuten-Online-System.\" \/>\n<meta property=\"og:url\" content=\"https:\/\/www.hotelposeidon.it\/de\/kontakt\/\" \/>\n<meta property=\"og:site_name\" content=\"Hotel Poseidon San Benedetto del Tronto\" \/>\n<meta property=\"article:modified_time\" content=\"2024-04-05T12:38:12+00:00\" \/>\n<meta name=\"twitter:card\" content=\"summary_large_image\" \/>\n<meta name=\"twitter:label1\" content=\"Gesch\u00e4tzte Lesezeit\" \/>\n\t<meta name=\"twitter:data1\" content=\"5\u00a0Minuten\" \/>\n<script type=\"application\/ld+json\" class=\"yoast-schema-graph\">{\"@context\":\"https:\/\/schema.org\",\"@graph\":[{\"@type\":\"WebPage\",\"@id\":\"https:\/\/www.hotelposeidon.it\/de\/kontakt\/\",\"url\":\"https:\/\/www.hotelposeidon.it\/de\/kontakt\/\",\"name\":\"Kontakt - Hotel Poseidon San Benedetto del Tronto\",\"isPartOf\":{\"@id\":\"https:\/\/www.hotelposeidon.it\/de\/#website\"},\"datePublished\":\"2017-08-08T10:09:49+00:00\",\"dateModified\":\"2024-04-05T12:38:12+00:00\",\"description\":\"Sie k\u00f6nnen uns per Telefon, E-Mail oder Whatsapp kontaktieren. F\u00fcr Buchungen, Kostenvoranschl\u00e4ge und Verf\u00fcgbarkeiten nutzen Sie das 3-Minuten-Online-System.\",\"breadcrumb\":{\"@id\":\"https:\/\/www.hotelposeidon.it\/de\/kontakt\/#breadcrumb\"},\"inLanguage\":\"de\",\"potentialAction\":[{\"@type\":\"ReadAction\",\"target\":[\"https:\/\/www.hotelposeidon.it\/de\/kontakt\/\"]}]},{\"@type\":\"BreadcrumbList\",\"@id\":\"https:\/\/www.hotelposeidon.it\/de\/kontakt\/#breadcrumb\",\"itemListElement\":[{\"@type\":\"ListItem\",\"position\":1,\"name\":\"Home\",\"item\":\"https:\/\/www.hotelposeidon.it\/de\/\"},{\"@type\":\"ListItem\",\"position\":2,\"name\":\"Kontakt\"}]},{\"@type\":\"WebSite\",\"@id\":\"https:\/\/www.hotelposeidon.it\/de\/#website\",\"url\":\"https:\/\/www.hotelposeidon.it\/de\/\",\"name\":\"Hotel Poseidon San Benedetto del Tronto\",\"description\":\"Hotel 3 stelle prima fila mare\",\"potentialAction\":[{\"@type\":\"SearchAction\",\"target\":{\"@type\":\"EntryPoint\",\"urlTemplate\":\"https:\/\/www.hotelposeidon.it\/de\/?s={search_term_string}\"},\"query-input\":\"required name=search_term_string\"}],\"inLanguage\":\"de\"}]}<\/script>\n<!-- \/ Yoast SEO plugin. -->","yoast_head_json":{"title":"Kontakt - Hotel Poseidon San Benedetto del Tronto","description":"Sie k\u00f6nnen uns per Telefon, E-Mail oder Whatsapp kontaktieren. F\u00fcr Buchungen, Kostenvoranschl\u00e4ge und Verf\u00fcgbarkeiten nutzen Sie das 3-Minuten-Online-System.","robots":{"index":"index","follow":"follow","max-snippet":"max-snippet:-1","max-image-preview":"max-image-preview:large","max-video-preview":"max-video-preview:-1"},"canonical":"https:\/\/www.hotelposeidon.it\/de\/kontakt\/","og_locale":"de_DE","og_type":"article","og_title":"Kontakt - Hotel Poseidon San Benedetto del Tronto","og_description":"Sie k\u00f6nnen uns per Telefon, E-Mail oder Whatsapp kontaktieren. F\u00fcr Buchungen, Kostenvoranschl\u00e4ge und Verf\u00fcgbarkeiten nutzen Sie das 3-Minuten-Online-System.","og_url":"https:\/\/www.hotelposeidon.it\/de\/kontakt\/","og_site_name":"Hotel Poseidon San Benedetto del Tronto","article_modified_time":"2024-04-05T12:38:12+00:00","twitter_card":"summary_large_image","twitter_misc":{"Gesch\u00e4tzte Lesezeit":"5\u00a0Minuten"},"schema":{"@context":"https:\/\/schema.org","@graph":[{"@type":"WebPage","@id":"https:\/\/www.hotelposeidon.it\/de\/kontakt\/","url":"https:\/\/www.hotelposeidon.it\/de\/kontakt\/","name":"Kontakt - Hotel Poseidon San Benedetto del Tronto","isPartOf":{"@id":"https:\/\/www.hotelposeidon.it\/de\/#website"},"datePublished":"2017-08-08T10:09:49+00:00","dateModified":"2024-04-05T12:38:12+00:00","description":"Sie k\u00f6nnen uns per Telefon, E-Mail oder Whatsapp kontaktieren. F\u00fcr Buchungen, Kostenvoranschl\u00e4ge und Verf\u00fcgbarkeiten nutzen Sie das 3-Minuten-Online-System.","breadcrumb":{"@id":"https:\/\/www.hotelposeidon.it\/de\/kontakt\/#breadcrumb"},"inLanguage":"de","potentialAction":[{"@type":"ReadAction","target":["https:\/\/www.hotelposeidon.it\/de\/kontakt\/"]}]},{"@type":"BreadcrumbList","@id":"https:\/\/www.hotelposeidon.it\/de\/kontakt\/#breadcrumb","itemListElement":[{"@type":"ListItem","position":1,"name":"Home","item":"https:\/\/www.hotelposeidon.it\/de\/"},{"@type":"ListItem","position":2,"name":"Kontakt"}]},{"@type":"WebSite","@id":"https:\/\/www.hotelposeidon.it\/de\/#website","url":"https:\/\/www.hotelposeidon.it\/de\/","name":"Hotel Poseidon San Benedetto del Tronto","description":"Hotel 3 stelle prima fila mare","potentialAction":[{"@type":"SearchAction","target":{"@type":"EntryPoint","urlTemplate":"https:\/\/www.hotelposeidon.it\/de\/?s={search_term_string}"},"query-input":"required name=search_term_string"}],"inLanguage":"de"}]}},"_links":{"self":[{"href":"https:\/\/www.hotelposeidon.it\/de\/wp-json\/wp\/v2\/pages\/23319","targetHints":{"allow":["GET"]}}],"collection":[{"href":"https:\/\/www.hotelposeidon.it\/de\/wp-json\/wp\/v2\/pages"}],"about":[{"href":"https:\/\/www.hotelposeidon.it\/de\/wp-json\/wp\/v2\/types\/page"}],"author":[{"embeddable":true,"href":"https:\/\/www.hotelposeidon.it\/de\/wp-json\/wp\/v2\/users\/1"}],"replies":[{"embeddable":true,"href":"https:\/\/www.hotelposeidon.it\/de\/wp-json\/wp\/v2\/comments?post=23319"}],"version-history":[{"count":6,"href":"https:\/\/www.hotelposeidon.it\/de\/wp-json\/wp\/v2\/pages\/23319\/revisions"}],"predecessor-version":[{"id":23597,"href":"https:\/\/www.hotelposeidon.it\/de\/wp-json\/wp\/v2\/pages\/23319\/revisions\/23597"}],"wp:attachment":[{"href":"https:\/\/www.hotelposeidon.it\/de\/wp-json\/wp\/v2\/media?parent=23319"}],"curies":[{"name":"wp","href":"https:\/\/api.w.org\/{rel}","templated":true}]}}