{"id":23346,"date":"2022-08-22T15:10:58","date_gmt":"2022-08-22T15:10:58","guid":{"rendered":"https:\/\/www.hotelposeidon.it\/wo-wir-sind\/"},"modified":"2024-04-05T12:39:18","modified_gmt":"2024-04-05T12:39:18","slug":"wo-wir-sind","status":"publish","type":"page","link":"https:\/\/www.hotelposeidon.it\/de\/wo-wir-sind\/","title":{"rendered":"Wo wir sind"},"content":{"rendered":"<section data-vc-full-width=\"true\" data-vc-full-width-init=\"false\" data-vc-stretch-content=\"true\" class=\"vc_row wpb_row vc_row-fluid  vc_custom_1507617627495 wow fadeIn pofo-stretch-content vc_row-o-equal-height vc_row-o-content-middle vc_row-flex\"><div class=\"wpb_column vc_column_container vc_col-sm-12 vc_col-md-6 vc_col-xs-12 wow fadeInLeft pofo-column-responsive-6a05d9a6b2b2a\"><div class=\"vc_column-inner cover-background bg-position-center-center vc_custom_1652854182443\"><div class=\"wpb_wrapper\">[vc_gmaps link=&#8220;#E-8_JTNDaWZyYW1lJTIwc3JjJTNEJTIyaHR0cHMlM0ElMkYlMkZ3d3cuZ29vZ2xlLmNvbSUyRm1hcHMlMkZkJTJGZW1iZWQlM0ZtaWQlM0QxUHBrYXBIVmdRaklCUnlmc2hHRTNTWllzWDFsX3dwQXMlMjZhbXAlM0JlaGJjJTNEMkUzMTJGJTIyJTIwd2lkdGglM0QlMjIxMDAlMjUlMjIlMjBoZWlnaHQlM0QlMjI3MDAlMjIlM0UlM0MlMkZpZnJhbWUlM0U=&#8220; css=&#8220;.vc_custom_1652854421203{margin-top: 0px !important;margin-right: 0px !important;margin-bottom: 0px !important;margin-left: 0px !important;padding-top: 0px !important;padding-right: 0px !important;padding-bottom: 0px !important;padding-left: 0px !important;}&#8220;]<\/div><\/div><\/div><div class=\"wpb_column vc_column_container vc_col-sm-12 vc_col-md-6 vc_col-xs-12 wow fadeInRight\"><div class=\"vc_column-inner \"><div class=\"wpb_wrapper\"><div class=\"vc_row wpb_row vc_inner vc_row-fluid   vc_row-o-equal-height vc_row-o-content-middle vc_row-flex\"><div class=\"wpb_column vc_column_container vc_col-has-fill vc_col-sm-6 vc_col-md-6 vc_col-xs-12 wow fadeIn text-center\"><div class=\"vc_column-inner vc_custom_1652852800227\" style=\"min-height: 350px;\"><div class=\"wpb_wrapper\"><div class=\"grigiochiaro featurebox21 pofo-featurebox featurebox21-1\" ><div class=\"display-inline-block margin-25px-bottom sm-margin-15px-bottom xs-margin-10px-bottom\"><i class=\"link-icon display-block icon-map icon-medium\"><\/i><\/div><span class=\"text-extra-dark-gray display-inline-block width-100 text-small font-weight-600 alt-font margin-5px-bottom\" style=\"font-size: 14px; line-height: 24px; color: #ffffff;\" data-fontsize=\"14px\" data-lineheight=\"24px\">ADRESSE<\/span><div class=\"xs-margin-10px-bottom center-col last-paragraph-no-margin width-60 md-width-80\"><p class=\"center-col text-medium\">Via San Giacomo, 34\/37,<br \/>\nSan Benedetto del Tronto<br \/>\nProvinz Ascoli Piceno<br \/>\nMarken &#8211; Italien<\/p>\n<\/div><\/div><\/div><\/div><\/div><div class=\"wpb_column vc_column_container vc_col-has-fill vc_col-sm-6 vc_col-md-6 vc_col-xs-12 wow fadeIn text-center\"><div class=\"vc_column-inner vc_custom_1652852756466\" style=\"min-height: 350px;\"><div class=\"wpb_wrapper\"><div class=\"grigiochiaro featurebox21 pofo-featurebox featurebox21-2\" ><div class=\"display-inline-block margin-25px-bottom sm-margin-15px-bottom xs-margin-10px-bottom\"><i class=\"link-icon display-block icon-chat icon-medium\"><\/i><\/div><span class=\"text-extra-dark-gray display-inline-block width-100 text-small font-weight-600 alt-font margin-5px-bottom\" style=\"font-size: 14px; line-height: 24px; color: #ffffff;\" data-fontsize=\"14px\" data-lineheight=\"24px\">TELEFON<\/span><div class=\"xs-margin-10px-bottom center-col last-paragraph-no-margin width-60 md-width-80\"><p>+39.0735.751696<br \/>\nFax: +39.0735.753414<br \/>\nrecapito invernale:<br \/>\n+39.0735.655071<\/p>\n<\/div><\/div><\/div><\/div><\/div><div class=\"wpb_column vc_column_container vc_col-has-fill vc_col-sm-6 vc_col-md-6 vc_col-xs-12 wow fadeIn text-center\"><div class=\"vc_column-inner vc_custom_1652852762354\" style=\"min-height: 350px;\"><div class=\"wpb_wrapper\"><div class=\"grigiochiaro featurebox21 pofo-featurebox featurebox21-3\" ><div class=\"display-inline-block margin-25px-bottom sm-margin-15px-bottom xs-margin-10px-bottom\"><i class=\"link-icon display-block icon-envelope icon-medium\"><\/i><\/div><span class=\"text-extra-dark-gray display-inline-block width-100 text-small font-weight-600 alt-font margin-5px-bottom\" style=\"font-size: 14px; line-height: 24px; color: #ffffff;\" data-fontsize=\"14px\" data-lineheight=\"24px\">WRITE<\/span><div class=\"xs-margin-10px-bottom center-col last-paragraph-no-margin width-60 md-width-80\"><p class=\"center-col text-medium no-margin\">F\u00fcr Informationen:<br \/>\n<a href=\"mailto:info@hotelposeidon.it\">info@hotelposeidon.it<\/a><\/p>\n<p>Lebenslauf senden:<br \/>\n<a href=\"mailto:lavoro@hotelposeidon.it\">lavoro@hotelposeidon.it<\/a><\/p>\n<\/div><\/div><\/div><\/div><\/div><div class=\"wpb_column vc_column_container vc_col-has-fill vc_col-sm-6 vc_col-md-6 vc_col-xs-12 wow fadeIn text-center\"><div class=\"vc_column-inner vc_custom_1652852795042\" style=\"min-height: 350px;\"><div class=\"wpb_wrapper\"><div class=\"grigiochiaro featurebox21 pofo-featurebox featurebox21-4\" ><div class=\"display-inline-block margin-25px-bottom sm-margin-15px-bottom xs-margin-10px-bottom\"><i class=\"link-icon display-block icon-clock icon-medium\"><\/i><\/div><span class=\"text-extra-dark-gray display-inline-block width-100 text-small font-weight-600 alt-font margin-5px-bottom\" style=\"font-size: 14px; line-height: 24px; color: #ffffff;\" data-fontsize=\"14px\" data-lineheight=\"24px\">ER\u00d6FFNUNG<\/span><div class=\"xs-margin-10px-bottom center-col last-paragraph-no-margin width-60 md-width-80\"><p>Das Hotel ist in den Sommermonaten und f\u00fcr Gruppen auch zu anderen Zeiten ge\u00f6ffnet.<br \/>\nF\u00fcr Reservierungen kontaktieren Sie uns bitte t\u00e4glich von 8 Uhr bis 20 Uhr.<\/p>\n<\/div><\/div><\/div><\/div><\/div><\/div><\/div><\/div><\/div><\/section><div class=\"vc_row-full-width vc_clearfix\"><\/div>\n","protected":false},"excerpt":{"rendered":"[vc_gmaps link=\"#E-8_JTNDaWZyYW1lJTIwc3JjJTNEJTIyaHR0cHMlM0ElMkYlMkZ3d3cuZ29vZ2xlLmNvbSUyRm1hcHMlMkZkJTJGZW1iZWQlM0ZtaWQlM0QxUHBrYXBIVmdRaklCUnlmc2hHRTNTWllzWDFsX3dwQXMlMjZhbXAlM0JlaGJjJTNEMkUzMTJGJTIyJTIwd2lkdGglM0QlMjIxMDAlMjUlMjIlMjBoZWlnaHQlM0QlMjI3MDAlMjIlM0UlM0MlMkZpZnJhbWUlM0U=\" css=\".vc_custom_1652854421203{margin-top: 0px !important;margin-right: 0px !important;margin-bottom: 0px !important;margin-left: 0px !important;padding-top: 0px !important;padding-right: 0px !important;padding-bottom: 0px !important;padding-left: 0px !important;}\"]ADRESSEVia San Giacomo, 34\/37, San Benedetto del Tronto Provinz Ascoli Piceno Marken - Italien TELEFON+39.0735.751696 Fax: +39.0735.753414 recapito invernale: +39.0735.655071 WRITEF\u00fcr Informationen: info@hotelposeidon.it Lebenslauf senden: lavoro@hotelposeidon.it ER\u00d6FFNUNGDas Hotel ist in den Sommermonaten und f\u00fcr Gruppen auch zu anderen Zeiten ge\u00f6ffnet. F\u00fcr Reservierungen kontaktieren Sie uns bitte t\u00e4glich von 8 Uhr bis 20 Uhr.","protected":false},"author":1,"featured_media":0,"parent":0,"menu_order":0,"comment_status":"closed","ping_status":"closed","template":"","meta":{"inline_featured_image":false,"footnotes":""},"class_list":["post-23346","page","type-page","status-publish","hentry"],"yoast_head":"<!-- This site is optimized with the Yoast SEO plugin v21.7 - https:\/\/yoast.com\/wordpress\/plugins\/seo\/ -->\n<title>Wo wir sind - Hotel Poseidon San Benedetto del Tronto<\/title>\n<meta name=\"description\" content=\"Sie k\u00f6nnen uns per Telefon, E-Mail oder Whatsapp kontaktieren. F\u00fcr Buchungen, Kostenvoranschl\u00e4ge und Verf\u00fcgbarkeiten nutzen Sie das 3-Minuten-Online-System.\" \/>\n<meta name=\"robots\" content=\"index, follow, max-snippet:-1, max-image-preview:large, max-video-preview:-1\" \/>\n<link rel=\"canonical\" href=\"https:\/\/www.hotelposeidon.it\/de\/wo-wir-sind\/\" \/>\n<meta property=\"og:locale\" content=\"de_DE\" \/>\n<meta property=\"og:type\" content=\"article\" \/>\n<meta property=\"og:title\" content=\"Wo wir sind - Hotel Poseidon San Benedetto del Tronto\" \/>\n<meta property=\"og:description\" content=\"Sie k\u00f6nnen uns per Telefon, E-Mail oder Whatsapp kontaktieren. F\u00fcr Buchungen, Kostenvoranschl\u00e4ge und Verf\u00fcgbarkeiten nutzen Sie das 3-Minuten-Online-System.\" \/>\n<meta property=\"og:url\" content=\"https:\/\/www.hotelposeidon.it\/de\/wo-wir-sind\/\" \/>\n<meta property=\"og:site_name\" content=\"Hotel Poseidon San Benedetto del Tronto\" \/>\n<meta property=\"article:modified_time\" content=\"2024-04-05T12:39:18+00:00\" \/>\n<meta name=\"twitter:card\" content=\"summary_large_image\" \/>\n<meta name=\"twitter:label1\" content=\"Gesch\u00e4tzte Lesezeit\" \/>\n\t<meta name=\"twitter:data1\" content=\"3\u00a0Minuten\" \/>\n<script type=\"application\/ld+json\" class=\"yoast-schema-graph\">{\"@context\":\"https:\/\/schema.org\",\"@graph\":[{\"@type\":\"WebPage\",\"@id\":\"https:\/\/www.hotelposeidon.it\/de\/wo-wir-sind\/\",\"url\":\"https:\/\/www.hotelposeidon.it\/de\/wo-wir-sind\/\",\"name\":\"Wo wir sind - Hotel Poseidon San Benedetto del Tronto\",\"isPartOf\":{\"@id\":\"https:\/\/www.hotelposeidon.it\/de\/#website\"},\"datePublished\":\"2022-08-22T15:10:58+00:00\",\"dateModified\":\"2024-04-05T12:39:18+00:00\",\"description\":\"Sie k\u00f6nnen uns per Telefon, E-Mail oder Whatsapp kontaktieren. F\u00fcr Buchungen, Kostenvoranschl\u00e4ge und Verf\u00fcgbarkeiten nutzen Sie das 3-Minuten-Online-System.\",\"breadcrumb\":{\"@id\":\"https:\/\/www.hotelposeidon.it\/de\/wo-wir-sind\/#breadcrumb\"},\"inLanguage\":\"de\",\"potentialAction\":[{\"@type\":\"ReadAction\",\"target\":[\"https:\/\/www.hotelposeidon.it\/de\/wo-wir-sind\/\"]}]},{\"@type\":\"BreadcrumbList\",\"@id\":\"https:\/\/www.hotelposeidon.it\/de\/wo-wir-sind\/#breadcrumb\",\"itemListElement\":[{\"@type\":\"ListItem\",\"position\":1,\"name\":\"Home\",\"item\":\"https:\/\/www.hotelposeidon.it\/de\/\"},{\"@type\":\"ListItem\",\"position\":2,\"name\":\"Wo wir sind\"}]},{\"@type\":\"WebSite\",\"@id\":\"https:\/\/www.hotelposeidon.it\/de\/#website\",\"url\":\"https:\/\/www.hotelposeidon.it\/de\/\",\"name\":\"Hotel Poseidon San Benedetto del Tronto\",\"description\":\"Hotel 3 stelle prima fila mare\",\"potentialAction\":[{\"@type\":\"SearchAction\",\"target\":{\"@type\":\"EntryPoint\",\"urlTemplate\":\"https:\/\/www.hotelposeidon.it\/de\/?s={search_term_string}\"},\"query-input\":\"required name=search_term_string\"}],\"inLanguage\":\"de\"}]}<\/script>\n<!-- \/ Yoast SEO plugin. -->","yoast_head_json":{"title":"Wo wir sind - Hotel Poseidon San Benedetto del Tronto","description":"Sie k\u00f6nnen uns per Telefon, E-Mail oder Whatsapp kontaktieren. F\u00fcr Buchungen, Kostenvoranschl\u00e4ge und Verf\u00fcgbarkeiten nutzen Sie das 3-Minuten-Online-System.","robots":{"index":"index","follow":"follow","max-snippet":"max-snippet:-1","max-image-preview":"max-image-preview:large","max-video-preview":"max-video-preview:-1"},"canonical":"https:\/\/www.hotelposeidon.it\/de\/wo-wir-sind\/","og_locale":"de_DE","og_type":"article","og_title":"Wo wir sind - Hotel Poseidon San Benedetto del Tronto","og_description":"Sie k\u00f6nnen uns per Telefon, E-Mail oder Whatsapp kontaktieren. F\u00fcr Buchungen, Kostenvoranschl\u00e4ge und Verf\u00fcgbarkeiten nutzen Sie das 3-Minuten-Online-System.","og_url":"https:\/\/www.hotelposeidon.it\/de\/wo-wir-sind\/","og_site_name":"Hotel Poseidon San Benedetto del Tronto","article_modified_time":"2024-04-05T12:39:18+00:00","twitter_card":"summary_large_image","twitter_misc":{"Gesch\u00e4tzte Lesezeit":"3\u00a0Minuten"},"schema":{"@context":"https:\/\/schema.org","@graph":[{"@type":"WebPage","@id":"https:\/\/www.hotelposeidon.it\/de\/wo-wir-sind\/","url":"https:\/\/www.hotelposeidon.it\/de\/wo-wir-sind\/","name":"Wo wir sind - Hotel Poseidon San Benedetto del Tronto","isPartOf":{"@id":"https:\/\/www.hotelposeidon.it\/de\/#website"},"datePublished":"2022-08-22T15:10:58+00:00","dateModified":"2024-04-05T12:39:18+00:00","description":"Sie k\u00f6nnen uns per Telefon, E-Mail oder Whatsapp kontaktieren. F\u00fcr Buchungen, Kostenvoranschl\u00e4ge und Verf\u00fcgbarkeiten nutzen Sie das 3-Minuten-Online-System.","breadcrumb":{"@id":"https:\/\/www.hotelposeidon.it\/de\/wo-wir-sind\/#breadcrumb"},"inLanguage":"de","potentialAction":[{"@type":"ReadAction","target":["https:\/\/www.hotelposeidon.it\/de\/wo-wir-sind\/"]}]},{"@type":"BreadcrumbList","@id":"https:\/\/www.hotelposeidon.it\/de\/wo-wir-sind\/#breadcrumb","itemListElement":[{"@type":"ListItem","position":1,"name":"Home","item":"https:\/\/www.hotelposeidon.it\/de\/"},{"@type":"ListItem","position":2,"name":"Wo wir sind"}]},{"@type":"WebSite","@id":"https:\/\/www.hotelposeidon.it\/de\/#website","url":"https:\/\/www.hotelposeidon.it\/de\/","name":"Hotel Poseidon San Benedetto del Tronto","description":"Hotel 3 stelle prima fila mare","potentialAction":[{"@type":"SearchAction","target":{"@type":"EntryPoint","urlTemplate":"https:\/\/www.hotelposeidon.it\/de\/?s={search_term_string}"},"query-input":"required name=search_term_string"}],"inLanguage":"de"}]}},"_links":{"self":[{"href":"https:\/\/www.hotelposeidon.it\/de\/wp-json\/wp\/v2\/pages\/23346","targetHints":{"allow":["GET"]}}],"collection":[{"href":"https:\/\/www.hotelposeidon.it\/de\/wp-json\/wp\/v2\/pages"}],"about":[{"href":"https:\/\/www.hotelposeidon.it\/de\/wp-json\/wp\/v2\/types\/page"}],"author":[{"embeddable":true,"href":"https:\/\/www.hotelposeidon.it\/de\/wp-json\/wp\/v2\/users\/1"}],"replies":[{"embeddable":true,"href":"https:\/\/www.hotelposeidon.it\/de\/wp-json\/wp\/v2\/comments?post=23346"}],"version-history":[{"count":13,"href":"https:\/\/www.hotelposeidon.it\/de\/wp-json\/wp\/v2\/pages\/23346\/revisions"}],"predecessor-version":[{"id":23607,"href":"https:\/\/www.hotelposeidon.it\/de\/wp-json\/wp\/v2\/pages\/23346\/revisions\/23607"}],"wp:attachment":[{"href":"https:\/\/www.hotelposeidon.it\/de\/wp-json\/wp\/v2\/media?parent=23346"}],"curies":[{"name":"wp","href":"https:\/\/api.w.org\/{rel}","templated":true}]}}